{"id":481,"date":"2020-07-22T11:11:10","date_gmt":"2020-07-22T09:11:10","guid":{"rendered":"https:\/\/holi-bay.de\/?page_id=481"},"modified":"2023-07-25T16:39:29","modified_gmt":"2023-07-25T14:39:29","slug":"feste-feiern","status":"publish","type":"page","link":"https:\/\/baeren-oh.de\/en\/feste-feiern\/","title":{"rendered":"Celebration"},"content":{"rendered":"<div data-elementor-type=\"wp-page\" data-elementor-id=\"481\" class=\"elementor elementor-481\">\n\t\t\t\t\t\t<section class=\"elementor-section elementor-top-section elementor-element elementor-element-b0bcfe9 elementor-section-stretched elementor-section-boxed elementor-section-height-default elementor-section-height-default\" data-id=\"b0bcfe9\" data-element_type=\"section\" data-e-type=\"section\" data-settings=\"{&quot;stretch_section&quot;:&quot;section-stretched&quot;,&quot;background_background&quot;:&quot;classic&quot;}\">\n\t\t\t\t\t\t<div class=\"elementor-container elementor-column-gap-default\">\n\t\t\t\t\t<div class=\"elementor-column elementor-col-100 elementor-top-column elementor-element elementor-element-d7e325b elementor-invisible\" data-id=\"d7e325b\" data-element_type=\"column\" data-e-type=\"column\" data-settings=\"{&quot;background_background&quot;:&quot;classic&quot;,&quot;animation&quot;:&quot;fadeInUp&quot;}\">\n\t\t\t<div class=\"elementor-widget-wrap\">\n\t\t\t\t\t\t\t<\/div>\n\t\t<\/div>\n\t\t\t\t\t<\/div>\n\t\t<\/section>\n\t\t\t\t<section class=\"elementor-section elementor-top-section elementor-element elementor-element-3ee1fcc elementor-section-boxed elementor-section-height-default elementor-section-height-default\" data-id=\"3ee1fcc\" data-element_type=\"section\" data-e-type=\"section\">\n\t\t\t\t\t\t<div class=\"elementor-container elementor-column-gap-default\">\n\t\t\t\t\t<div class=\"elementor-column elementor-col-50 elementor-top-column elementor-element elementor-element-fde0ffd\" data-id=\"fde0ffd\" data-element_type=\"column\" data-e-type=\"column\">\n\t\t\t<div class=\"elementor-widget-wrap elementor-element-populated\">\n\t\t\t\t\t\t<div class=\"elementor-element elementor-element-5f0ee55 elementor-widget elementor-widget-heading\" data-id=\"5f0ee55\" data-element_type=\"widget\" data-e-type=\"widget\" data-widget_type=\"heading.default\">\n\t\t\t\t<div class=\"elementor-widget-container\">\n\t\t\t\t\t<h2 class=\"elementor-heading-title elementor-size-default\">In the heart \n<br>of the Black Forest<\/h2>\t\t\t\t<\/div>\n\t\t\t\t<\/div>\n\t\t\t\t<div class=\"elementor-element elementor-element-7401730 elementor-widget elementor-widget-heading\" data-id=\"7401730\" data-element_type=\"widget\" data-e-type=\"widget\" data-widget_type=\"heading.default\">\n\t\t\t\t<div class=\"elementor-widget-container\">\n\t\t\t\t\t<h2 class=\"elementor-heading-title elementor-size-default\">The B\u00e4ren Hotels<\/h2>\t\t\t\t<\/div>\n\t\t\t\t<\/div>\n\t\t\t\t\t<\/div>\n\t\t<\/div>\n\t\t\t\t<div class=\"elementor-column elementor-col-50 elementor-top-column elementor-element elementor-element-23dba02\" data-id=\"23dba02\" data-element_type=\"column\" data-e-type=\"column\">\n\t\t\t<div class=\"elementor-widget-wrap elementor-element-populated\">\n\t\t\t\t\t\t<div class=\"elementor-element elementor-element-14d34d9 elementor-widget elementor-widget-text-editor\" data-id=\"14d34d9\" data-element_type=\"widget\" data-e-type=\"widget\" data-widget_type=\"text-editor.default\">\n\t\t\t\t<div class=\"elementor-widget-container\">\n\t\t\t\t\t\t\t\t\t<p>Here you will find a fabulous atmosphere for parties and celebrations, tailored to your wishes. From elegant and festive to rustic, from small groups up to 300 people: our employees will strive to turn your celebration at the B\u00e4ren Hotel into an unforgettable experience.<\/p>\t\t\t\t\t\t\t\t<\/div>\n\t\t\t\t<\/div>\n\t\t\t\t\t<\/div>\n\t\t<\/div>\n\t\t\t\t\t<\/div>\n\t\t<\/section>\n\t\t\t\t<section class=\"elementor-section elementor-top-section elementor-element elementor-element-45a5789 elementor-section-boxed elementor-section-height-default elementor-section-height-default\" data-id=\"45a5789\" data-element_type=\"section\" data-e-type=\"section\" id=\"baeren\" data-settings=\"{&quot;background_background&quot;:&quot;classic&quot;,&quot;shape_divider_top&quot;:&quot;arrow&quot;}\">\n\t\t\t\t\t<div class=\"elementor-shape elementor-shape-top\" aria-hidden=\"true\" data-negative=\"false\">\n\t\t\t<svg xmlns=\"http:\/\/www.w3.org\/2000\/svg\" viewbox=\"0 0 700 10\" preserveaspectratio=\"none\">\n\t<path class=\"elementor-shape-fill\" d=\"M350,10L340,0h20L350,10z\"\/>\n<\/svg>\t\t<\/div>\n\t\t\t\t\t<div class=\"elementor-container elementor-column-gap-default\">\n\t\t\t\t\t<div class=\"elementor-column elementor-col-50 elementor-top-column elementor-element elementor-element-c8a6696\" data-id=\"c8a6696\" data-element_type=\"column\" data-e-type=\"column\">\n\t\t\t<div class=\"elementor-widget-wrap elementor-element-populated\">\n\t\t\t\t\t\t<div class=\"elementor-element elementor-element-b6684b1 elementor-widget elementor-widget-image\" data-id=\"b6684b1\" data-element_type=\"widget\" data-e-type=\"widget\" data-widget_type=\"image.default\">\n\t\t\t\t<div class=\"elementor-widget-container\">\n\t\t\t\t\t\t\t\t\t\t\t\t\t\t\t<img fetchpriority=\"high\" decoding=\"async\" width=\"800\" height=\"534\" src=\"https:\/\/baeren-oh.de\/wp-content\/uploads\/2022\/09\/nick-fewings-kmLUcvhqhSo-unsplash-1024x683.jpg\" class=\"attachment-large size-large wp-image-1085\" alt=\"Geburtstagsfeiern\" srcset=\"https:\/\/baeren-oh.de\/wp-content\/uploads\/2022\/09\/nick-fewings-kmLUcvhqhSo-unsplash-1024x683.jpg 1024w, https:\/\/baeren-oh.de\/wp-content\/uploads\/2022\/09\/nick-fewings-kmLUcvhqhSo-unsplash-300x200.jpg 300w, https:\/\/baeren-oh.de\/wp-content\/uploads\/2022\/09\/nick-fewings-kmLUcvhqhSo-unsplash-768x512.jpg 768w, https:\/\/baeren-oh.de\/wp-content\/uploads\/2022\/09\/nick-fewings-kmLUcvhqhSo-unsplash-1536x1024.jpg 1536w, https:\/\/baeren-oh.de\/wp-content\/uploads\/2022\/09\/nick-fewings-kmLUcvhqhSo-unsplash-18x12.jpg 18w, https:\/\/baeren-oh.de\/wp-content\/uploads\/2022\/09\/nick-fewings-kmLUcvhqhSo-unsplash.jpg 1920w\" sizes=\"(max-width: 800px) 100vw, 800px\" \/>\t\t\t\t\t\t\t\t\t\t\t\t\t\t\t<\/div>\n\t\t\t\t<\/div>\n\t\t\t\t\t<\/div>\n\t\t<\/div>\n\t\t\t\t<div class=\"elementor-column elementor-col-50 elementor-top-column elementor-element elementor-element-c67de49\" data-id=\"c67de49\" data-element_type=\"column\" data-e-type=\"column\">\n\t\t\t<div class=\"elementor-widget-wrap elementor-element-populated\">\n\t\t\t\t\t\t<div class=\"elementor-element elementor-element-3dab94d elementor-widget elementor-widget-heading\" data-id=\"3dab94d\" data-element_type=\"widget\" data-e-type=\"widget\" data-widget_type=\"heading.default\">\n\t\t\t\t<div class=\"elementor-widget-container\">\n\t\t\t\t\t<h2 class=\"elementor-heading-title elementor-size-default\">Celebrate at the B\u00c4REN HOTEL<\/h2>\t\t\t\t<\/div>\n\t\t\t\t<\/div>\n\t\t\t\t<div class=\"elementor-element elementor-element-22b00de elementor-widget elementor-widget-heading\" data-id=\"22b00de\" data-element_type=\"widget\" data-e-type=\"widget\" data-widget_type=\"heading.default\">\n\t\t\t\t<div class=\"elementor-widget-container\">\n\t\t\t\t\t<h2 class=\"elementor-heading-title elementor-size-default\">The right choice for every occasion!<\/h2>\t\t\t\t<\/div>\n\t\t\t\t<\/div>\n\t\t\t\t<div class=\"elementor-element elementor-element-8ef9d19 elementor-widget elementor-widget-text-editor\" data-id=\"8ef9d19\" data-element_type=\"widget\" data-e-type=\"widget\" data-widget_type=\"text-editor.default\">\n\t\t\t\t<div class=\"elementor-widget-container\">\n\t\t\t\t\t\t\t\t\t<p>Wir sorgen daf\u00fcr, dass aus sch\u00f6nen Momenten unvergessliche Erlebnisse werden. In wundersch\u00f6nem Ambiente Feste (Geburtstage, goldene Hochzeiten) erleben \u2013 bei uns wird es Ihnen an nichts fehlen, denn Ihr Wohl liegt uns am Herzen. Die hauseigene Metzgerei und Konditorei sorgen f\u00fcr Qualit\u00e4t und Frische, die B\u00e4renmannschaft f\u00fcr flinke und freundliche Bedienung und die B\u00e4renwirtin erf\u00fcllt selbst ausgefallene W\u00fcnsche. Dekorationen nach Motto, Men\u00fcs in allen Variationen, Unterhaltung, Musik kann im Auftrag bestellt werden.<\/p>\t\t\t\t\t\t\t\t<\/div>\n\t\t\t\t<\/div>\n\t\t\t\t\t<\/div>\n\t\t<\/div>\n\t\t\t\t\t<\/div>\n\t\t<\/section>\n\t\t\t\t<section class=\"elementor-section elementor-top-section elementor-element elementor-element-ff6fb36 elementor-section-boxed elementor-section-height-default elementor-section-height-default\" data-id=\"ff6fb36\" data-element_type=\"section\" data-e-type=\"section\" id=\"stube\" data-settings=\"{&quot;shape_divider_top&quot;:&quot;arrow&quot;}\">\n\t\t\t\t\t<div class=\"elementor-shape elementor-shape-top\" aria-hidden=\"true\" data-negative=\"false\">\n\t\t\t<svg xmlns=\"http:\/\/www.w3.org\/2000\/svg\" viewbox=\"0 0 700 10\" preserveaspectratio=\"none\">\n\t<path class=\"elementor-shape-fill\" d=\"M350,10L340,0h20L350,10z\"\/>\n<\/svg>\t\t<\/div>\n\t\t\t\t\t<div class=\"elementor-container elementor-column-gap-default\">\n\t\t\t\t\t<div class=\"elementor-column elementor-col-50 elementor-top-column elementor-element elementor-element-b9af11e\" data-id=\"b9af11e\" data-element_type=\"column\" data-e-type=\"column\">\n\t\t\t<div class=\"elementor-widget-wrap elementor-element-populated\">\n\t\t\t\t\t\t<div class=\"elementor-element elementor-element-8d87064 elementor-widget elementor-widget-image\" data-id=\"8d87064\" data-element_type=\"widget\" data-e-type=\"widget\" data-widget_type=\"image.default\">\n\t\t\t\t<div class=\"elementor-widget-container\">\n\t\t\t\t\t\t\t\t\t\t\t\t\t\t\t<img decoding=\"async\" width=\"600\" height=\"400\" src=\"https:\/\/baeren-oh.de\/wp-content\/uploads\/2020\/07\/biker.jpg\" class=\"attachment-large size-large wp-image-376\" alt=\"Bikertreffen\" srcset=\"https:\/\/baeren-oh.de\/wp-content\/uploads\/2020\/07\/biker.jpg 600w, https:\/\/baeren-oh.de\/wp-content\/uploads\/2020\/07\/biker-300x200.jpg 300w\" sizes=\"(max-width: 600px) 100vw, 600px\" \/>\t\t\t\t\t\t\t\t\t\t\t\t\t\t\t<\/div>\n\t\t\t\t<\/div>\n\t\t\t\t\t<\/div>\n\t\t<\/div>\n\t\t\t\t<div class=\"elementor-column elementor-col-50 elementor-top-column elementor-element elementor-element-5276ceb\" data-id=\"5276ceb\" data-element_type=\"column\" data-e-type=\"column\">\n\t\t\t<div class=\"elementor-widget-wrap elementor-element-populated\">\n\t\t\t\t\t\t<div class=\"elementor-element elementor-element-b55ff87 elementor-widget elementor-widget-heading\" data-id=\"b55ff87\" data-element_type=\"widget\" data-e-type=\"widget\" data-widget_type=\"heading.default\">\n\t\t\t\t<div class=\"elementor-widget-container\">\n\t\t\t\t\t<h2 class=\"elementor-heading-title elementor-size-default\">Biker-Meetings<\/h2>\t\t\t\t<\/div>\n\t\t\t\t<\/div>\n\t\t\t\t<div class=\"elementor-element elementor-element-428eed9 elementor-widget elementor-widget-heading\" data-id=\"428eed9\" data-element_type=\"widget\" data-e-type=\"widget\" data-widget_type=\"heading.default\">\n\t\t\t\t<div class=\"elementor-widget-container\">\n\t\t\t\t\t<h2 class=\"elementor-heading-title elementor-size-default\">Empfohlen von der T-MoT<\/h2>\t\t\t\t<\/div>\n\t\t\t\t<\/div>\n\t\t\t\t<div class=\"elementor-element elementor-element-bcb1524 elementor-widget elementor-widget-text-editor\" data-id=\"bcb1524\" data-element_type=\"widget\" data-e-type=\"widget\" data-widget_type=\"text-editor.default\">\n\t\t\t\t<div class=\"elementor-widget-container\">\n\t\t\t\t\t\t\t\t\t<p>Our hotel has the following at its disposal:<\/p>\t\t\t\t\t\t\t\t<\/div>\n\t\t\t\t<\/div>\n\t\t\t\t<div class=\"elementor-element elementor-element-00d4291 elementor-widget elementor-widget-text-editor\" data-id=\"00d4291\" data-element_type=\"widget\" data-e-type=\"widget\" data-widget_type=\"text-editor.default\">\n\t\t\t\t<div class=\"elementor-widget-container\">\n\t\t\t\t\t\t\t\t\t<ul><li>Carports for motorbikes<\/li><li>Gro\u00dfer Saal f\u00fcr 180 Personen<\/li><li>Zimmer mit Dusche, WC, F\u00f6hn, SAT-TV, Sitzgelegenheit,<\/li><li>WLAN kostenfrei im Zimmer und allen R\u00e4umlichkeiten<\/li><\/ul>\t\t\t\t\t\t\t\t<\/div>\n\t\t\t\t<\/div>\n\t\t\t\t<div class=\"elementor-element elementor-element-ceae525 elementor-widget elementor-widget-text-editor\" data-id=\"ceae525\" data-element_type=\"widget\" data-e-type=\"widget\" data-widget_type=\"text-editor.default\">\n\t\t\t\t<div class=\"elementor-widget-container\">\n\t\t\t\t\t\t\t\t\t<p>Our hotel is ideal for motorcycle meetings. Make your meeting a successful one too.<\/p><p>Groups of 20 paying Motorcyclists receive special prices!\nPlease contact us!\n\nMotorcyclists welcome!<\/p>\t\t\t\t\t\t\t\t<\/div>\n\t\t\t\t<\/div>\n\t\t\t\t\t<\/div>\n\t\t<\/div>\n\t\t\t\t\t<\/div>\n\t\t<\/section>\n\t\t\t\t<section class=\"elementor-section elementor-top-section elementor-element elementor-element-06ec2ea elementor-section-boxed elementor-section-height-default elementor-section-height-default\" data-id=\"06ec2ea\" data-element_type=\"section\" data-e-type=\"section\" id=\"eckwaldblick\" data-settings=\"{&quot;background_background&quot;:&quot;classic&quot;,&quot;shape_divider_top&quot;:&quot;arrow&quot;}\">\n\t\t\t\t\t<div class=\"elementor-shape elementor-shape-top\" aria-hidden=\"true\" data-negative=\"false\">\n\t\t\t<svg xmlns=\"http:\/\/www.w3.org\/2000\/svg\" viewbox=\"0 0 700 10\" preserveaspectratio=\"none\">\n\t<path class=\"elementor-shape-fill\" d=\"M350,10L340,0h20L350,10z\"\/>\n<\/svg>\t\t<\/div>\n\t\t\t\t\t<div class=\"elementor-container elementor-column-gap-default\">\n\t\t\t\t\t<div class=\"elementor-column elementor-col-50 elementor-top-column elementor-element elementor-element-88ce528\" data-id=\"88ce528\" data-element_type=\"column\" data-e-type=\"column\">\n\t\t\t<div class=\"elementor-widget-wrap elementor-element-populated\">\n\t\t\t\t\t\t<div class=\"elementor-element elementor-element-5bb7f9b elementor-widget elementor-widget-image\" data-id=\"5bb7f9b\" data-element_type=\"widget\" data-e-type=\"widget\" data-widget_type=\"image.default\">\n\t\t\t\t<div class=\"elementor-widget-container\">\n\t\t\t\t\t\t\t\t\t\t\t\t\t\t\t<img decoding=\"async\" width=\"800\" height=\"534\" src=\"https:\/\/baeren-oh.de\/wp-content\/uploads\/2020\/07\/baeren_saal-1024x684.jpg\" class=\"attachment-large size-large wp-image-284\" alt=\"Hotel B\u00e4ren Saal\" srcset=\"https:\/\/baeren-oh.de\/wp-content\/uploads\/2020\/07\/baeren_saal-1024x684.jpg 1024w, https:\/\/baeren-oh.de\/wp-content\/uploads\/2020\/07\/baeren_saal-300x200.jpg 300w, https:\/\/baeren-oh.de\/wp-content\/uploads\/2020\/07\/baeren_saal-768x513.jpg 768w, https:\/\/baeren-oh.de\/wp-content\/uploads\/2020\/07\/baeren_saal-1536x1026.jpg 1536w, https:\/\/baeren-oh.de\/wp-content\/uploads\/2020\/07\/baeren_saal.jpg 1920w\" sizes=\"(max-width: 800px) 100vw, 800px\" \/>\t\t\t\t\t\t\t\t\t\t\t\t\t\t\t<\/div>\n\t\t\t\t<\/div>\n\t\t\t\t\t<\/div>\n\t\t<\/div>\n\t\t\t\t<div class=\"elementor-column elementor-col-50 elementor-top-column elementor-element elementor-element-a3f0e14\" data-id=\"a3f0e14\" data-element_type=\"column\" data-e-type=\"column\">\n\t\t\t<div class=\"elementor-widget-wrap elementor-element-populated\">\n\t\t\t\t\t\t<div class=\"elementor-element elementor-element-426b2cc elementor-widget elementor-widget-heading\" data-id=\"426b2cc\" data-element_type=\"widget\" data-e-type=\"widget\" data-widget_type=\"heading.default\">\n\t\t\t\t<div class=\"elementor-widget-container\">\n\t\t\t\t\t<h2 class=\"elementor-heading-title elementor-size-default\">Feiern<\/h2>\t\t\t\t<\/div>\n\t\t\t\t<\/div>\n\t\t\t\t<div class=\"elementor-element elementor-element-8827416 elementor-widget elementor-widget-heading\" data-id=\"8827416\" data-element_type=\"widget\" data-e-type=\"widget\" data-widget_type=\"heading.default\">\n\t\t\t\t<div class=\"elementor-widget-container\">\n\t\t\t\t\t<h2 class=\"elementor-heading-title elementor-size-default\">Mitarbeiter wertsch\u00e4tzen und motivieren, Geburtstage sch\u00f6n erleben<\/h2>\t\t\t\t<\/div>\n\t\t\t\t<\/div>\n\t\t\t\t<div class=\"elementor-element elementor-element-ed55b39 elementor-widget elementor-widget-text-editor\" data-id=\"ed55b39\" data-element_type=\"widget\" data-e-type=\"widget\" data-widget_type=\"text-editor.default\">\n\t\t\t\t<div class=\"elementor-widget-container\">\n\t\t\t\t\t\t\t\t\t<p>The \u201eHotel B\u00e4ren\u201c is your house for family celebrations, events and company parties with a hall which has room for 300 persons.<br \/>Events sind im Hotel B\u00e4ren und in der B\u00e4ren-Stube m\u00f6glich.<\/p>\t\t\t\t\t\t\t\t<\/div>\n\t\t\t\t<\/div>\n\t\t\t\t<div class=\"elementor-element elementor-element-0f59670 elementor-widget elementor-widget-text-editor\" data-id=\"0f59670\" data-element_type=\"widget\" data-e-type=\"widget\" data-widget_type=\"text-editor.default\">\n\t\t\t\t<div class=\"elementor-widget-container\">\n\t\t\t\t\t\t\t\t\t<ul><li>Wir organisieren Ihre Events oder Feiern von A-Z<\/li><li>Conference rooms<\/li><li>Big beer garden<\/li><li>2 S\u00e4le f\u00fcr 180 Personen und 120 Personen<\/li><li>Die hauseigene Metzgerei sorgt stets f\u00fcr Frische und Qualit\u00e4t<\/li><li>The kitchen is opened right through the week \u2013 no day off<\/li><\/ul>\t\t\t\t\t\t\t\t<\/div>\n\t\t\t\t<\/div>\n\t\t\t\t\t<\/div>\n\t\t<\/div>\n\t\t\t\t\t<\/div>\n\t\t<\/section>\n\t\t\t\t<section class=\"elementor-section elementor-top-section elementor-element elementor-element-fb7f50f elementor-section-boxed elementor-section-height-default elementor-section-height-default\" data-id=\"fb7f50f\" data-element_type=\"section\" data-e-type=\"section\" id=\"schuetzen\" data-settings=\"{&quot;background_background&quot;:&quot;classic&quot;,&quot;shape_divider_top&quot;:&quot;arrow&quot;}\">\n\t\t\t\t\t<div class=\"elementor-shape elementor-shape-top\" aria-hidden=\"true\" data-negative=\"false\">\n\t\t\t<svg xmlns=\"http:\/\/www.w3.org\/2000\/svg\" viewbox=\"0 0 700 10\" preserveaspectratio=\"none\">\n\t<path class=\"elementor-shape-fill\" d=\"M350,10L340,0h20L350,10z\"\/>\n<\/svg>\t\t<\/div>\n\t\t\t\t\t<div class=\"elementor-container elementor-column-gap-default\">\n\t\t\t\t\t<div class=\"elementor-column elementor-col-50 elementor-top-column elementor-element elementor-element-7e63a80\" data-id=\"7e63a80\" data-element_type=\"column\" data-e-type=\"column\">\n\t\t\t<div class=\"elementor-widget-wrap elementor-element-populated\">\n\t\t\t\t\t\t<div class=\"elementor-element elementor-element-fcc6a53 elementor-widget elementor-widget-image\" data-id=\"fcc6a53\" data-element_type=\"widget\" data-e-type=\"widget\" data-widget_type=\"image.default\">\n\t\t\t\t<div class=\"elementor-widget-container\">\n\t\t\t\t\t\t\t\t\t\t\t\t\t\t\t<img decoding=\"async\" src=\"https:\/\/baeren-oh.de\/wp-content\/uploads\/elementor\/thumbs\/Bildschirmfoto-2020-07-22-um-11.49.55-osu61u4dpcaqaad8fryuqowrlp3rhb437lz5e6u8ty.png\" title=\"Bildschirmfoto 2020-07-22 um 11.49.55\" alt=\"Grillabend im Hotel B\u00e4ren\" loading=\"lazy\" \/>\t\t\t\t\t\t\t\t\t\t\t\t\t\t\t<\/div>\n\t\t\t\t<\/div>\n\t\t\t\t\t<\/div>\n\t\t<\/div>\n\t\t\t\t<div class=\"elementor-column elementor-col-50 elementor-top-column elementor-element elementor-element-34a6340\" data-id=\"34a6340\" data-element_type=\"column\" data-e-type=\"column\">\n\t\t\t<div class=\"elementor-widget-wrap elementor-element-populated\">\n\t\t\t\t\t\t<div class=\"elementor-element elementor-element-1ef9e9f elementor-widget elementor-widget-heading\" data-id=\"1ef9e9f\" data-element_type=\"widget\" data-e-type=\"widget\" data-widget_type=\"heading.default\">\n\t\t\t\t<div class=\"elementor-widget-container\">\n\t\t\t\t\t<h2 class=\"elementor-heading-title elementor-size-default\">Grill &amp; BBQ<\/h2>\t\t\t\t<\/div>\n\t\t\t\t<\/div>\n\t\t\t\t<div class=\"elementor-element elementor-element-e00629e elementor-widget elementor-widget-heading\" data-id=\"e00629e\" data-element_type=\"widget\" data-e-type=\"widget\" data-widget_type=\"heading.default\">\n\t\t\t\t<div class=\"elementor-widget-container\">\n\t\t\t\t\t<h2 class=\"elementor-heading-title elementor-size-default\">Big Barbecue Evening in the \u201eB\u00e4ren\u201c<\/h2>\t\t\t\t<\/div>\n\t\t\t\t<\/div>\n\t\t\t\t<div class=\"elementor-element elementor-element-c2db5de elementor-widget elementor-widget-text-editor\" data-id=\"c2db5de\" data-element_type=\"widget\" data-e-type=\"widget\" data-widget_type=\"text-editor.default\">\n\t\t\t\t<div class=\"elementor-widget-container\">\n\t\t\t\t\t\t\t\t\t<p>Hand aufs Herz: ein- oder zweimal im Jahr sollte man so richtig &#8220;auf die Pauke hauen&#8221;. Mit dem Verein, als Betriebsausflug, mit dem Kegelclub oder der Fu\u00dfballmannschaft.<\/p><p>Volles Programm f\u00fcr Leib und Seele, f\u00fcr Jubel, Trubel, Heiterkeit. Genau das also, was Sie in der Vor- und Nachsaison im &#8220;B\u00e4ren&#8221; wirklich b\u00e4rig erleben k\u00f6nnen.<\/p>\t\t\t\t\t\t\t\t<\/div>\n\t\t\t\t<\/div>\n\t\t\t\t\t<\/div>\n\t\t<\/div>\n\t\t\t\t\t<\/div>\n\t\t<\/section>\n\t\t\t\t<\/div>","protected":false},"excerpt":{"rendered":"<p>Mitten im Schwarzwald Die b\u00e4ren hotels Wir bieten Ihnen ein traumhaftes Ambiente f\u00fcr Feste und &#8230; <\/p>\n<div class=\"text-center\"><a class=\"theme-btn\" href=\"https:\/\/baeren-oh.de\/en\/feste-feiern\/\">Read More<\/a><\/div>","protected":false},"author":1,"featured_media":0,"parent":0,"menu_order":0,"comment_status":"closed","ping_status":"closed","template":"elementor_header_footer","meta":{"footnotes":""},"class_list":["post-481","page","type-page","status-publish","hentry"],"_links":{"self":[{"href":"https:\/\/baeren-oh.de\/en\/wp-json\/wp\/v2\/pages\/481","targetHints":{"allow":["GET"]}}],"collection":[{"href":"https:\/\/baeren-oh.de\/en\/wp-json\/wp\/v2\/pages"}],"about":[{"href":"https:\/\/baeren-oh.de\/en\/wp-json\/wp\/v2\/types\/page"}],"author":[{"embeddable":true,"href":"https:\/\/baeren-oh.de\/en\/wp-json\/wp\/v2\/users\/1"}],"replies":[{"embeddable":true,"href":"https:\/\/baeren-oh.de\/en\/wp-json\/wp\/v2\/comments?post=481"}],"version-history":[{"count":10,"href":"https:\/\/baeren-oh.de\/en\/wp-json\/wp\/v2\/pages\/481\/revisions"}],"predecessor-version":[{"id":1246,"href":"https:\/\/baeren-oh.de\/en\/wp-json\/wp\/v2\/pages\/481\/revisions\/1246"}],"wp:attachment":[{"href":"https:\/\/baeren-oh.de\/en\/wp-json\/wp\/v2\/media?parent=481"}],"curies":[{"name":"wp","href":"https:\/\/api.w.org\/{rel}","templated":true}]}}