{"id":544,"date":"2020-07-23T12:15:58","date_gmt":"2020-07-23T10:15:58","guid":{"rendered":"https:\/\/holi-bay.de\/?page_id=544"},"modified":"2025-03-10T11:01:07","modified_gmt":"2025-03-10T10:01:07","slug":"restaurant","status":"publish","type":"page","link":"https:\/\/baeren-oh.de\/en\/restaurant\/","title":{"rendered":"Restaurant"},"content":{"rendered":"<div data-elementor-type=\"wp-page\" data-elementor-id=\"544\" class=\"elementor elementor-544\">\n\t\t\t\t\t\t<section class=\"elementor-section elementor-top-section elementor-element elementor-element-b0bcfe9 elementor-section-stretched elementor-section-boxed elementor-section-height-default elementor-section-height-default\" data-id=\"b0bcfe9\" data-element_type=\"section\" data-e-type=\"section\" data-settings=\"{&quot;stretch_section&quot;:&quot;section-stretched&quot;,&quot;background_background&quot;:&quot;classic&quot;}\">\n\t\t\t\t\t\t<div class=\"elementor-container elementor-column-gap-default\">\n\t\t\t\t\t<div class=\"elementor-column elementor-col-100 elementor-top-column elementor-element elementor-element-d7e325b elementor-invisible\" data-id=\"d7e325b\" data-element_type=\"column\" data-e-type=\"column\" data-settings=\"{&quot;background_background&quot;:&quot;classic&quot;,&quot;animation&quot;:&quot;fadeInUp&quot;}\">\n\t\t\t<div class=\"elementor-widget-wrap\">\n\t\t\t\t\t\t\t<\/div>\n\t\t<\/div>\n\t\t\t\t\t<\/div>\n\t\t<\/section>\n\t\t\t\t<section class=\"elementor-section elementor-top-section elementor-element elementor-element-3ee1fcc elementor-section-boxed elementor-section-height-default elementor-section-height-default\" data-id=\"3ee1fcc\" data-element_type=\"section\" data-e-type=\"section\">\n\t\t\t\t\t\t<div class=\"elementor-container elementor-column-gap-default\">\n\t\t\t\t\t<div class=\"elementor-column elementor-col-50 elementor-top-column elementor-element elementor-element-fde0ffd\" data-id=\"fde0ffd\" data-element_type=\"column\" data-e-type=\"column\">\n\t\t\t<div class=\"elementor-widget-wrap elementor-element-populated\">\n\t\t\t\t\t\t<div class=\"elementor-element elementor-element-5f0ee55 elementor-widget elementor-widget-heading\" data-id=\"5f0ee55\" data-element_type=\"widget\" data-e-type=\"widget\" data-widget_type=\"heading.default\">\n\t\t\t\t<div class=\"elementor-widget-container\">\n\t\t\t\t\t<h2 class=\"elementor-heading-title elementor-size-default\">Schwarzw\u00e4lder<\/h2>\t\t\t\t<\/div>\n\t\t\t\t<\/div>\n\t\t\t\t<div class=\"elementor-element elementor-element-7401730 elementor-widget elementor-widget-heading\" data-id=\"7401730\" data-element_type=\"widget\" data-e-type=\"widget\" data-widget_type=\"heading.default\">\n\t\t\t\t<div class=\"elementor-widget-container\">\n\t\t\t\t\t<h2 class=\"elementor-heading-title elementor-size-default\">Gaumenfreuden<\/h2>\t\t\t\t<\/div>\n\t\t\t\t<\/div>\n\t\t\t\t\t<\/div>\n\t\t<\/div>\n\t\t\t\t<div class=\"elementor-column elementor-col-50 elementor-top-column elementor-element elementor-element-23dba02\" data-id=\"23dba02\" data-element_type=\"column\" data-e-type=\"column\">\n\t\t\t<div class=\"elementor-widget-wrap elementor-element-populated\">\n\t\t\t\t\t\t<div class=\"elementor-element elementor-element-14d34d9 elementor-widget elementor-widget-text-editor\" data-id=\"14d34d9\" data-element_type=\"widget\" data-e-type=\"widget\" data-widget_type=\"text-editor.default\">\n\t\t\t\t<div class=\"elementor-widget-container\">\n\t\t\t\t\t\t\t\t\t<p>Lassen Sie sich einfach mal wieder von einem b\u00e4renstarken Team verzaubern. Wir freuen uns auf Ihren Besuch und verw\u00f6hnen Sie als unser Gast mit dem besten aus unserer K\u00fcche und Keller.<\/p>\t\t\t\t\t\t\t\t<\/div>\n\t\t\t\t<\/div>\n\t\t\t\t\t<\/div>\n\t\t<\/div>\n\t\t\t\t\t<\/div>\n\t\t<\/section>\n\t\t\t\t<section class=\"elementor-section elementor-top-section elementor-element elementor-element-6d60b7a elementor-section-boxed elementor-section-height-default elementor-section-height-default\" data-id=\"6d60b7a\" data-element_type=\"section\" data-e-type=\"section\">\n\t\t\t\t\t\t<div class=\"elementor-container elementor-column-gap-default\">\n\t\t\t\t\t<div class=\"elementor-column elementor-col-50 elementor-top-column elementor-element elementor-element-aac8854\" data-id=\"aac8854\" data-element_type=\"column\" data-e-type=\"column\">\n\t\t\t<div class=\"elementor-widget-wrap elementor-element-populated\">\n\t\t\t\t\t\t<div class=\"elementor-element elementor-element-16ad133 elementor-widget elementor-widget-image\" data-id=\"16ad133\" data-element_type=\"widget\" data-e-type=\"widget\" data-widget_type=\"image.default\">\n\t\t\t\t<div class=\"elementor-widget-container\">\n\t\t\t\t\t\t\t\t\t\t\t\t\t\t\t<img fetchpriority=\"high\" decoding=\"async\" width=\"800\" height=\"450\" src=\"https:\/\/baeren-oh.de\/wp-content\/uploads\/2025\/03\/P1018695-1024x576.jpg\" class=\"attachment-large size-large wp-image-1322\" alt=\"\" srcset=\"https:\/\/baeren-oh.de\/wp-content\/uploads\/2025\/03\/P1018695-1024x576.jpg 1024w, https:\/\/baeren-oh.de\/wp-content\/uploads\/2025\/03\/P1018695-300x169.jpg 300w, https:\/\/baeren-oh.de\/wp-content\/uploads\/2025\/03\/P1018695-768x432.jpg 768w, https:\/\/baeren-oh.de\/wp-content\/uploads\/2025\/03\/P1018695-18x10.jpg 18w, https:\/\/baeren-oh.de\/wp-content\/uploads\/2025\/03\/P1018695.jpg 1536w\" sizes=\"(max-width: 800px) 100vw, 800px\" \/>\t\t\t\t\t\t\t\t\t\t\t\t\t\t\t<\/div>\n\t\t\t\t<\/div>\n\t\t\t\t\t<\/div>\n\t\t<\/div>\n\t\t\t\t<div class=\"elementor-column elementor-col-50 elementor-top-column elementor-element elementor-element-37df1e2\" data-id=\"37df1e2\" data-element_type=\"column\" data-e-type=\"column\">\n\t\t\t<div class=\"elementor-widget-wrap elementor-element-populated\">\n\t\t\t\t\t\t<div class=\"elementor-element elementor-element-9dd1e55 elementor-widget elementor-widget-image\" data-id=\"9dd1e55\" data-element_type=\"widget\" data-e-type=\"widget\" data-widget_type=\"image.default\">\n\t\t\t\t<div class=\"elementor-widget-container\">\n\t\t\t\t\t\t\t\t\t\t\t\t\t\t\t<img decoding=\"async\" width=\"800\" height=\"450\" src=\"https:\/\/baeren-oh.de\/wp-content\/uploads\/2025\/03\/P1018690-1024x576.jpg\" class=\"attachment-large size-large wp-image-1321\" alt=\"\" srcset=\"https:\/\/baeren-oh.de\/wp-content\/uploads\/2025\/03\/P1018690-1024x576.jpg 1024w, https:\/\/baeren-oh.de\/wp-content\/uploads\/2025\/03\/P1018690-300x169.jpg 300w, https:\/\/baeren-oh.de\/wp-content\/uploads\/2025\/03\/P1018690-768x432.jpg 768w, https:\/\/baeren-oh.de\/wp-content\/uploads\/2025\/03\/P1018690-18x10.jpg 18w, https:\/\/baeren-oh.de\/wp-content\/uploads\/2025\/03\/P1018690.jpg 1536w\" sizes=\"(max-width: 800px) 100vw, 800px\" \/>\t\t\t\t\t\t\t\t\t\t\t\t\t\t\t<\/div>\n\t\t\t\t<\/div>\n\t\t\t\t\t<\/div>\n\t\t<\/div>\n\t\t\t\t\t<\/div>\n\t\t<\/section>\n\t\t\t\t<section class=\"elementor-section elementor-top-section elementor-element elementor-element-0743ec9 elementor-section-boxed elementor-section-height-default elementor-section-height-default\" data-id=\"0743ec9\" data-element_type=\"section\" data-e-type=\"section\">\n\t\t\t\t\t\t<div class=\"elementor-container elementor-column-gap-default\">\n\t\t\t\t\t<div class=\"elementor-column elementor-col-50 elementor-top-column elementor-element elementor-element-0a28760\" data-id=\"0a28760\" data-element_type=\"column\" data-e-type=\"column\">\n\t\t\t<div class=\"elementor-widget-wrap elementor-element-populated\">\n\t\t\t\t\t\t<div class=\"elementor-element elementor-element-c3e2235 elementor-widget elementor-widget-heading\" data-id=\"c3e2235\" data-element_type=\"widget\" data-e-type=\"widget\" data-widget_type=\"heading.default\">\n\t\t\t\t<div class=\"elementor-widget-container\">\n\t\t\t\t\t<h2 class=\"elementor-heading-title elementor-size-default\">f\u00fcr genie\u00dfer<\/h2>\t\t\t\t<\/div>\n\t\t\t\t<\/div>\n\t\t\t\t<div class=\"elementor-element elementor-element-bb8cca9 elementor-widget elementor-widget-heading\" data-id=\"bb8cca9\" data-element_type=\"widget\" data-e-type=\"widget\" data-widget_type=\"heading.default\">\n\t\t\t\t<div class=\"elementor-widget-container\">\n\t\t\t\t\t<h2 class=\"elementor-heading-title elementor-size-default\">fr\u00fchst\u00fccks-<br>buffet<\/h2>\t\t\t\t<\/div>\n\t\t\t\t<\/div>\n\t\t\t\t\t<\/div>\n\t\t<\/div>\n\t\t\t\t<div class=\"elementor-column elementor-col-50 elementor-top-column elementor-element elementor-element-d2f8e8e\" data-id=\"d2f8e8e\" data-element_type=\"column\" data-e-type=\"column\">\n\t\t\t<div class=\"elementor-widget-wrap elementor-element-populated\">\n\t\t\t\t\t\t<div class=\"elementor-element elementor-element-48186d5 elementor-widget elementor-widget-text-editor\" data-id=\"48186d5\" data-element_type=\"widget\" data-e-type=\"widget\" data-widget_type=\"text-editor.default\">\n\t\t\t\t<div class=\"elementor-widget-container\">\n\t\t\t\t\t\t\t\t\t<p>Lassen Sie sich von unserem abwechslungsreichen und reichhaltigen Fr\u00fchst\u00fccksbuffet verw\u00f6hnen. Hier finden Sie Herzhaftes ebenso wie leckere S\u00fc\u00dfspeisen und starten entspannt und zufrieden in den Tag.<\/p><p><strong>Termine f\u00fcr unser Buffet entnehmen Sie bitte der \u00f6rtlichen Presse.<\/strong><\/p>\t\t\t\t\t\t\t\t<\/div>\n\t\t\t\t<\/div>\n\t\t\t\t\t<\/div>\n\t\t<\/div>\n\t\t\t\t\t<\/div>\n\t\t<\/section>\n\t\t\t\t<\/div>","protected":false},"excerpt":{"rendered":"<p>Schwarzw\u00e4lder Gaumenfreuden Lassen Sie sich einfach mal wieder von einem b\u00e4renstarken Team verzaubern. Wir freuen &#8230; <\/p>\n<div class=\"text-center\"><a class=\"theme-btn\" href=\"https:\/\/baeren-oh.de\/en\/restaurant\/\">Read More<\/a><\/div>","protected":false},"author":1,"featured_media":0,"parent":0,"menu_order":0,"comment_status":"closed","ping_status":"closed","template":"elementor_header_footer","meta":{"footnotes":""},"class_list":["post-544","page","type-page","status-publish","hentry"],"_links":{"self":[{"href":"https:\/\/baeren-oh.de\/en\/wp-json\/wp\/v2\/pages\/544","targetHints":{"allow":["GET"]}}],"collection":[{"href":"https:\/\/baeren-oh.de\/en\/wp-json\/wp\/v2\/pages"}],"about":[{"href":"https:\/\/baeren-oh.de\/en\/wp-json\/wp\/v2\/types\/page"}],"author":[{"embeddable":true,"href":"https:\/\/baeren-oh.de\/en\/wp-json\/wp\/v2\/users\/1"}],"replies":[{"embeddable":true,"href":"https:\/\/baeren-oh.de\/en\/wp-json\/wp\/v2\/comments?post=544"}],"version-history":[{"count":10,"href":"https:\/\/baeren-oh.de\/en\/wp-json\/wp\/v2\/pages\/544\/revisions"}],"predecessor-version":[{"id":1329,"href":"https:\/\/baeren-oh.de\/en\/wp-json\/wp\/v2\/pages\/544\/revisions\/1329"}],"wp:attachment":[{"href":"https:\/\/baeren-oh.de\/en\/wp-json\/wp\/v2\/media?parent=544"}],"curies":[{"name":"wp","href":"https:\/\/api.w.org\/{rel}","templated":true}]}}