{"id":552,"date":"2020-07-23T12:36:26","date_gmt":"2020-07-23T10:36:26","guid":{"rendered":"https:\/\/holi-bay.de\/?page_id=552"},"modified":"2022-09-13T11:36:12","modified_gmt":"2022-09-13T09:36:12","slug":"gruppenreisen","status":"publish","type":"page","link":"https:\/\/baeren-oh.de\/en\/gruppenreisen\/","title":{"rendered":"GROUP EXCURSIONS"},"content":{"rendered":"<div data-elementor-type=\"wp-page\" data-elementor-id=\"552\" class=\"elementor elementor-552\">\n\t\t\t\t\t\t<section class=\"elementor-section elementor-top-section elementor-element elementor-element-b0bcfe9 elementor-section-stretched elementor-section-boxed elementor-section-height-default elementor-section-height-default\" data-id=\"b0bcfe9\" data-element_type=\"section\" data-e-type=\"section\" data-settings=\"{&quot;stretch_section&quot;:&quot;section-stretched&quot;,&quot;background_background&quot;:&quot;classic&quot;}\">\n\t\t\t\t\t\t<div class=\"elementor-container elementor-column-gap-default\">\n\t\t\t\t\t<div class=\"elementor-column elementor-col-100 elementor-top-column elementor-element elementor-element-d7e325b elementor-invisible\" data-id=\"d7e325b\" data-element_type=\"column\" data-e-type=\"column\" data-settings=\"{&quot;background_background&quot;:&quot;classic&quot;,&quot;animation&quot;:&quot;fadeInUp&quot;}\">\n\t\t\t<div class=\"elementor-widget-wrap\">\n\t\t\t\t\t\t\t<\/div>\n\t\t<\/div>\n\t\t\t\t\t<\/div>\n\t\t<\/section>\n\t\t\t\t<section class=\"elementor-section elementor-top-section elementor-element elementor-element-3ee1fcc elementor-section-boxed elementor-section-height-default elementor-section-height-default\" data-id=\"3ee1fcc\" data-element_type=\"section\" data-e-type=\"section\">\n\t\t\t\t\t\t<div class=\"elementor-container elementor-column-gap-default\">\n\t\t\t\t\t<div class=\"elementor-column elementor-col-50 elementor-top-column elementor-element elementor-element-fde0ffd\" data-id=\"fde0ffd\" data-element_type=\"column\" data-e-type=\"column\">\n\t\t\t<div class=\"elementor-widget-wrap elementor-element-populated\">\n\t\t\t\t\t\t<div class=\"elementor-element elementor-element-5f0ee55 elementor-widget elementor-widget-heading\" data-id=\"5f0ee55\" data-element_type=\"widget\" data-e-type=\"widget\" data-widget_type=\"heading.default\">\n\t\t\t\t<div class=\"elementor-widget-container\">\n\t\t\t\t\t<h2 class=\"elementor-heading-title elementor-size-default\">BEARISH<\/h2>\t\t\t\t<\/div>\n\t\t\t\t<\/div>\n\t\t\t\t<div class=\"elementor-element elementor-element-7401730 elementor-widget elementor-widget-heading\" data-id=\"7401730\" data-element_type=\"widget\" data-e-type=\"widget\" data-widget_type=\"heading.default\">\n\t\t\t\t<div class=\"elementor-widget-container\">\n\t\t\t\t\t<h2 class=\"elementor-heading-title elementor-size-default\">GROUP EXCURSIONS<\/h2>\t\t\t\t<\/div>\n\t\t\t\t<\/div>\n\t\t\t\t\t<\/div>\n\t\t<\/div>\n\t\t\t\t<div class=\"elementor-column elementor-col-50 elementor-top-column elementor-element elementor-element-23dba02\" data-id=\"23dba02\" data-element_type=\"column\" data-e-type=\"column\">\n\t\t\t<div class=\"elementor-widget-wrap elementor-element-populated\">\n\t\t\t\t\t\t<div class=\"elementor-element elementor-element-14d34d9 elementor-widget elementor-widget-text-editor\" data-id=\"14d34d9\" data-element_type=\"widget\" data-e-type=\"widget\" data-widget_type=\"text-editor.default\">\n\t\t\t\t<div class=\"elementor-widget-container\">\n\t\t\t\t\t\t\t\t\t<p>Den Schwarzwald in einer Reisegruppe erleben. Zu verschiedenen Anl\u00e4ssen haben wir ganz besondere Angebote f\u00fcr Sie zusammengestellt: Genie\u00dfen Sie den Schwarzwald im HOTEL B\u00c4REN zur &#8220;Kirschbl\u00fcte&#8221;, zur &#8220;Chrysanthema&#8221; oder im Advent!<\/p>\t\t\t\t\t\t\t\t<\/div>\n\t\t\t\t<\/div>\n\t\t\t\t\t<\/div>\n\t\t<\/div>\n\t\t\t\t\t<\/div>\n\t\t<\/section>\n\t\t\t\t<section class=\"elementor-section elementor-top-section elementor-element elementor-element-45a5789 elementor-section-boxed elementor-section-height-default elementor-section-height-default\" data-id=\"45a5789\" data-element_type=\"section\" data-e-type=\"section\" id=\"baeren\" data-settings=\"{&quot;background_background&quot;:&quot;classic&quot;,&quot;shape_divider_top&quot;:&quot;arrow&quot;}\">\n\t\t\t\t\t<div class=\"elementor-shape elementor-shape-top\" aria-hidden=\"true\" data-negative=\"false\">\n\t\t\t<svg xmlns=\"http:\/\/www.w3.org\/2000\/svg\" viewbox=\"0 0 700 10\" preserveaspectratio=\"none\">\n\t<path class=\"elementor-shape-fill\" d=\"M350,10L340,0h20L350,10z\"\/>\n<\/svg>\t\t<\/div>\n\t\t\t\t\t<div class=\"elementor-container elementor-column-gap-default\">\n\t\t\t\t\t<div class=\"elementor-column elementor-col-33 elementor-top-column elementor-element elementor-element-c67de49\" data-id=\"c67de49\" data-element_type=\"column\" data-e-type=\"column\">\n\t\t\t<div class=\"elementor-widget-wrap elementor-element-populated\">\n\t\t\t\t\t\t<div class=\"elementor-element elementor-element-3dab94d elementor-widget elementor-widget-heading\" data-id=\"3dab94d\" data-element_type=\"widget\" data-e-type=\"widget\" data-widget_type=\"heading.default\">\n\t\t\t\t<div class=\"elementor-widget-container\">\n\t\t\t\t\t<h2 class=\"elementor-heading-title elementor-size-default\">Cherry Blossom<\/h2>\t\t\t\t<\/div>\n\t\t\t\t<\/div>\n\t\t\t\t<div class=\"elementor-element elementor-element-1716c66 elementor-widget elementor-widget-image\" data-id=\"1716c66\" data-element_type=\"widget\" data-e-type=\"widget\" data-widget_type=\"image.default\">\n\t\t\t\t<div class=\"elementor-widget-container\">\n\t\t\t\t\t\t\t\t\t\t\t\t\t\t\t<img decoding=\"async\" src=\"https:\/\/baeren-oh.de\/wp-content\/uploads\/elementor\/thumbs\/spring-5350131_1920-osvyrdgvfxblpzy6x12ud9md2swt434hvozixex128.jpg\" title=\"spring-5350131_1920\" alt=\"Kirschbl\u00fcte\" loading=\"lazy\" \/>\t\t\t\t\t\t\t\t\t\t\t\t\t\t\t<\/div>\n\t\t\t\t<\/div>\n\t\t\t\t<div class=\"elementor-element elementor-element-55a7a87 elementor-widget elementor-widget-text-editor\" data-id=\"55a7a87\" data-element_type=\"widget\" data-e-type=\"widget\" data-widget_type=\"text-editor.default\">\n\t\t\t\t<div class=\"elementor-widget-container\">\n\t\t\t\t\t\t\t\t\t<p>Der Fr\u00fchling h\u00e4lt Einzug und hier in unserem Schwarzwaldtal bl\u00fchen \u00fcber 6000 Kirsch- und Obstb\u00e4ume. In Geradmer, im Elsass locken die Narzissen und verwandeln die Landschaft in ein Bl\u00fctenmeer.<br \/>Halbpensionspreis (bei 3 N\u00e4chten) f\u00fcr Busreisende<\/p>\t\t\t\t\t\t\t\t<\/div>\n\t\t\t\t<\/div>\n\t\t\t\t\t<\/div>\n\t\t<\/div>\n\t\t\t\t<div class=\"elementor-column elementor-col-33 elementor-top-column elementor-element elementor-element-72dc7b1\" data-id=\"72dc7b1\" data-element_type=\"column\" data-e-type=\"column\">\n\t\t\t<div class=\"elementor-widget-wrap elementor-element-populated\">\n\t\t\t\t\t\t<div class=\"elementor-element elementor-element-bb0b2ec elementor-widget elementor-widget-heading\" data-id=\"bb0b2ec\" data-element_type=\"widget\" data-e-type=\"widget\" data-widget_type=\"heading.default\">\n\t\t\t\t<div class=\"elementor-widget-container\">\n\t\t\t\t\t<h2 class=\"elementor-heading-title elementor-size-default\">Chrysanthemum<\/h2>\t\t\t\t<\/div>\n\t\t\t\t<\/div>\n\t\t\t\t<div class=\"elementor-element elementor-element-be3eca9 elementor-widget elementor-widget-image\" data-id=\"be3eca9\" data-element_type=\"widget\" data-e-type=\"widget\" data-widget_type=\"image.default\">\n\t\t\t\t<div class=\"elementor-widget-container\">\n\t\t\t\t\t\t\t\t\t\t\t\t\t\t\t<img decoding=\"async\" src=\"https:\/\/baeren-oh.de\/wp-content\/uploads\/elementor\/thumbs\/chrysanthemum-3789009_1280-osvyrancvf7qr62adhuynsbzanapgztavb12hl17kw.jpg\" title=\"chrysanthemum-3789009_1280\" alt=\"chrysanthemum-3789009_1280\" loading=\"lazy\" \/>\t\t\t\t\t\t\t\t\t\t\t\t\t\t\t<\/div>\n\t\t\t\t<\/div>\n\t\t\t\t<div class=\"elementor-element elementor-element-22b8e09 elementor-widget elementor-widget-text-editor\" data-id=\"22b8e09\" data-element_type=\"widget\" data-e-type=\"widget\" data-widget_type=\"text-editor.default\">\n\t\t\t\t<div class=\"elementor-widget-container\">\n\t\t\t\t\t\t\t\t\t<p>\u00dcber 10000 Chrysanthemen schm\u00fccken j\u00e4hrlich die historische Altstadt in Lahr mit faszinierenden Blumenarrangements und kunstvollen Bl\u00fctenfiguren.Deutschlands gr\u00f6\u00dfte Blumenschau im Sp\u00e4therbst,einem bundesweit einzigartigen, herbstlichen Blumenzauber im benachbarten Lahr.<br \/>Halbpensionspreis (bei 3 N\u00e4chten) f\u00fcr Busreisende<\/p>\t\t\t\t\t\t\t\t<\/div>\n\t\t\t\t<\/div>\n\t\t\t\t\t<\/div>\n\t\t<\/div>\n\t\t\t\t<div class=\"elementor-column elementor-col-33 elementor-top-column elementor-element elementor-element-62b2728\" data-id=\"62b2728\" data-element_type=\"column\" data-e-type=\"column\">\n\t\t\t<div class=\"elementor-widget-wrap elementor-element-populated\">\n\t\t\t\t\t\t<div class=\"elementor-element elementor-element-5bc1f1d elementor-widget elementor-widget-heading\" data-id=\"5bc1f1d\" data-element_type=\"widget\" data-e-type=\"widget\" data-widget_type=\"heading.default\">\n\t\t\t\t<div class=\"elementor-widget-container\">\n\t\t\t\t\t<h2 class=\"elementor-heading-title elementor-size-default\">Advent Excursions<\/h2>\t\t\t\t<\/div>\n\t\t\t\t<\/div>\n\t\t\t\t<div class=\"elementor-element elementor-element-6aeb529 elementor-widget elementor-widget-image\" data-id=\"6aeb529\" data-element_type=\"widget\" data-e-type=\"widget\" data-widget_type=\"image.default\">\n\t\t\t\t<div class=\"elementor-widget-container\">\n\t\t\t\t\t\t\t\t\t\t\t\t\t\t\t<img decoding=\"async\" src=\"https:\/\/baeren-oh.de\/wp-content\/uploads\/elementor\/thumbs\/Hotel_Baeren.Nacht135-osvz21wv35xvmifrk59972lw1e9xkaipojt47l30dc.jpg\" title=\"Hotel_Baeren.Nacht135\" alt=\"Hotel B\u00e4ren im Winter\" loading=\"lazy\" \/>\t\t\t\t\t\t\t\t\t\t\t\t\t\t\t<\/div>\n\t\t\t\t<\/div>\n\t\t\t\t<div class=\"elementor-element elementor-element-f915ac6 elementor-widget elementor-widget-text-editor\" data-id=\"f915ac6\" data-element_type=\"widget\" data-e-type=\"widget\" data-widget_type=\"text-editor.default\">\n\t\t\t\t<div class=\"elementor-widget-container\">\n\t\t\t\t\t\t\t\t\t<p>Zahlreiche Christkindlm\u00e4rkte sind von uns aus leicht zu erreichen. Darunter Strasburg, Colmar und Saverne die gr\u00f6\u00dften Weihnachtsm\u00e4rkte, bei uns In Freiburg oder Baden-Baden. In Gengenbach finden Sie den gr\u00f6\u00dften Adventskalender der Welt. Der Triberger Weihnachtszauber und der Europapark Rust tun ihr \u00dcbriges.<br \/>Halbpensionspreis (bei 3 N\u00e4chten) f\u00fcr Busreisende<\/p>\t\t\t\t\t\t\t\t<\/div>\n\t\t\t\t<\/div>\n\t\t\t\t\t<\/div>\n\t\t<\/div>\n\t\t\t\t\t<\/div>\n\t\t<\/section>\n\t\t\t\t<\/div>","protected":false},"excerpt":{"rendered":"<p>B\u00c4RENSTARKE GRUPPENREISEN Den Schwarzwald in einer Reisegruppe erleben. Zu verschiedenen Anl\u00e4ssen haben wir ganz besondere &#8230; <\/p>\n<div class=\"text-center\"><a class=\"theme-btn\" href=\"https:\/\/baeren-oh.de\/en\/gruppenreisen\/\">Read More<\/a><\/div>","protected":false},"author":1,"featured_media":0,"parent":0,"menu_order":0,"comment_status":"closed","ping_status":"closed","template":"elementor_header_footer","meta":{"footnotes":""},"class_list":["post-552","page","type-page","status-publish","hentry"],"_links":{"self":[{"href":"https:\/\/baeren-oh.de\/en\/wp-json\/wp\/v2\/pages\/552","targetHints":{"allow":["GET"]}}],"collection":[{"href":"https:\/\/baeren-oh.de\/en\/wp-json\/wp\/v2\/pages"}],"about":[{"href":"https:\/\/baeren-oh.de\/en\/wp-json\/wp\/v2\/types\/page"}],"author":[{"embeddable":true,"href":"https:\/\/baeren-oh.de\/en\/wp-json\/wp\/v2\/users\/1"}],"replies":[{"embeddable":true,"href":"https:\/\/baeren-oh.de\/en\/wp-json\/wp\/v2\/comments?post=552"}],"version-history":[{"count":10,"href":"https:\/\/baeren-oh.de\/en\/wp-json\/wp\/v2\/pages\/552\/revisions"}],"predecessor-version":[{"id":1065,"href":"https:\/\/baeren-oh.de\/en\/wp-json\/wp\/v2\/pages\/552\/revisions\/1065"}],"wp:attachment":[{"href":"https:\/\/baeren-oh.de\/en\/wp-json\/wp\/v2\/media?parent=552"}],"curies":[{"name":"wp","href":"https:\/\/api.w.org\/{rel}","templated":true}]}}