{"id":629,"date":"2020-08-14T06:33:54","date_gmt":"2020-08-14T04:33:54","guid":{"rendered":"https:\/\/holi-bay.de\/?page_id=629"},"modified":"2020-08-18T18:15:03","modified_gmt":"2020-08-18T16:15:03","slug":"impressum","status":"publish","type":"page","link":"https:\/\/baeren-oh.de\/en\/impressum\/","title":{"rendered":"IMPRESSUM"},"content":{"rendered":"<div data-elementor-type=\"wp-page\" data-elementor-id=\"629\" class=\"elementor elementor-629\">\n\t\t\t\t\t\t<section class=\"elementor-section elementor-top-section elementor-element elementor-element-b0bcfe9 elementor-section-stretched elementor-section-boxed elementor-section-height-default elementor-section-height-default\" data-id=\"b0bcfe9\" data-element_type=\"section\" data-e-type=\"section\" data-settings=\"{&quot;stretch_section&quot;:&quot;section-stretched&quot;,&quot;background_background&quot;:&quot;classic&quot;}\">\n\t\t\t\t\t\t<div class=\"elementor-container elementor-column-gap-default\">\n\t\t\t\t\t<div class=\"elementor-column elementor-col-100 elementor-top-column elementor-element elementor-element-d7e325b elementor-invisible\" data-id=\"d7e325b\" data-element_type=\"column\" data-e-type=\"column\" data-settings=\"{&quot;background_background&quot;:&quot;classic&quot;,&quot;animation&quot;:&quot;fadeInUp&quot;}\">\n\t\t\t<div class=\"elementor-widget-wrap\">\n\t\t\t\t\t\t\t<\/div>\n\t\t<\/div>\n\t\t\t\t\t<\/div>\n\t\t<\/section>\n\t\t\t\t<section class=\"elementor-section elementor-top-section elementor-element elementor-element-3ee1fcc elementor-section-boxed elementor-section-height-default elementor-section-height-default\" data-id=\"3ee1fcc\" data-element_type=\"section\" data-e-type=\"section\">\n\t\t\t\t\t\t<div class=\"elementor-container elementor-column-gap-default\">\n\t\t\t\t\t<div class=\"elementor-column elementor-col-50 elementor-top-column elementor-element elementor-element-fde0ffd\" data-id=\"fde0ffd\" data-element_type=\"column\" data-e-type=\"column\">\n\t\t\t<div class=\"elementor-widget-wrap elementor-element-populated\">\n\t\t\t\t\t\t<div class=\"elementor-element elementor-element-7401730 elementor-widget elementor-widget-heading\" data-id=\"7401730\" data-element_type=\"widget\" data-e-type=\"widget\" data-widget_type=\"heading.default\">\n\t\t\t\t<div class=\"elementor-widget-container\">\n\t\t\t\t\t<h2 class=\"elementor-heading-title elementor-size-default\">Impressum<\/h2>\t\t\t\t<\/div>\n\t\t\t\t<\/div>\n\t\t\t\t\t<\/div>\n\t\t<\/div>\n\t\t\t\t<div class=\"elementor-column elementor-col-50 elementor-top-column elementor-element elementor-element-23dba02\" data-id=\"23dba02\" data-element_type=\"column\" data-e-type=\"column\">\n\t\t\t<div class=\"elementor-widget-wrap elementor-element-populated\">\n\t\t\t\t\t\t<div class=\"elementor-element elementor-element-14d34d9 elementor-widget elementor-widget-text-editor\" data-id=\"14d34d9\" data-element_type=\"widget\" data-e-type=\"widget\" data-widget_type=\"text-editor.default\">\n\t\t\t\t<div class=\"elementor-widget-container\">\n\t\t\t\t\t\t\t\t\t<p class=\"maintext\"><strong>Hotel B\u00e4ren<\/strong><\/p><p class=\"maintext\">Verantwortliche f\u00fcr die Inhalte gem\u00e4\u00df \u00a7 6 MDStV:<br \/>Helene Kuber e. K.<br \/>USt-IdNr. DE215036065<\/p><p class=\"maintext\">Dorf 35<br \/>D-77784 Oberharmersbach<\/p><p class=\"maintext\">Tel. 07837 9288-0<br \/>Fax 07837 9288-1280<\/p><p class=\"maintext\">E-mail: <a href=\"mailto:hotel@baeren-oh.de\" target=\"_top\">hotel@baeren-oh.de<\/a><br \/><a href=\"https:\/\/baeren-oh.de\/en\/\">www.baeren-oh.de<\/a><\/p><p class=\"maintext\"><strong>Haftungsausschluss<\/strong><br \/>Helene Kuber \u00fcbernimmt keine Garantie daf\u00fcr, dass die auf dieser Webseite bereitgestellten Informationen vollst\u00e4ndig, richtig und in jedem Fall aktuell sind. Dies gilt auch f\u00fcr alle Verbindungen (\u00bbLinks\u00ab), auf die diese Webseite direkt oder indirekt verweist. Helene Kuber ist f\u00fcr den Inhalt einer Seite, die mit einem solchen Link erreicht wird, nicht verantwortlich. Helene Kuber beh\u00e4lt sich das Recht vor, ohne vorherige Ank\u00fcndigung, \u00c4nderungen oder Erg\u00e4nzungen der bereitgestellten Informationen vorzunehmen.<\/p><p class=\"maintext\">Weitere rechtliche Hinweise finden Sie unter:<br \/><a href=\"http:\/\/www.disclaimer.de\/disclaimer.htm\" target=\"_blank\" rel=\"noopener\">http:\/\/www.disclaimer.de\/disclaimer.htm<\/a><\/p><p class=\"maintext\"><strong>Gesamtkonzeption, grafische Gestaltung und \u00fcberwiegend Fotografie: <br \/>Jens Eberhardt Mediendesign, <a href=\"http:\/\/www.je-sign.de\" target=\"_blank\" rel=\"noopener\">www.je-sign.de<\/a><\/strong><\/p><p class=\"maintext\">Alle Rechte vorbehalten. Alle Texte, Grafiken und Bilder auf dieser Webseite sind urheberrechtlich gesch\u00fctzt und d\u00fcrfen auf keinem anderen Medium ohne Einwilligung der Urheber verwendet werden.<\/p><p class=\"maintext_klein\">Weitere Fotografen und Bildquellen:<br \/>Robert Schwendemann, Walter Vetterer, Franz Metelec &#8211; Fotolia.com <br \/>Stra\u00dfburg: copyright CUS 2003 B. Henry pour la photo n\u00b0 37 et G. Engel pour la photo n\u00b0 50<br \/>Freiburg: \u00a9 Freiburg Wirtschaft Touristik und Messe GmbH &amp; Co. KG \/ Foto: Karl-Heinz Raach\u00a9 FWTM\/Raach Dorotheenh\u00fctte: vera werbeagentur, tanzender stern \u00ae, Stefan-Zoller_pixelio.de, Echino_pixelio.de, RainerSturm_pixelio.de, TI Schluchsee, Mainau GmbH, <br \/>Foto Trachtenm\u00e4dchen \u00a9 Heike Budig\/STG, Hinterzarten Breitnau Tourismus GmbH, Janet Hee\ufb02 &#8211; Fotolia.com, Alexander Rochau &#8211; Fotolia.com, Foto: Tourist-Information Oberharmersbach\/Ficht, N.Schmitz_pixelio.de, Wolfgang_pixelio.de, Achim Mende\/STG, Michael Schmeling, 2008, Gengenbach Kultur- und Tourismus GmbH, STG, www.europapark.de, qay_pixelio.de, Stefan-Zoller_pixelio.de, Siegfried-Baier_pixelio.de, Daniel-Bleyenberg_pixelio.de, Hermann-Eberhardt_pixelio.de, Martina-Behrendt_pixelio.de<\/p>\t\t\t\t\t\t\t\t<\/div>\n\t\t\t\t<\/div>\n\t\t\t\t\t<\/div>\n\t\t<\/div>\n\t\t\t\t\t<\/div>\n\t\t<\/section>\n\t\t\t\t<\/div>","protected":false},"excerpt":{"rendered":"<p>Impressum Hotel B\u00e4ren Verantwortliche f\u00fcr die Inhalte gem\u00e4\u00df \u00a7 6 MDStV:Helene Kuber e. K.USt-IdNr. DE215036065 &#8230; <\/p>\n<div class=\"text-center\"><a class=\"theme-btn\" href=\"https:\/\/baeren-oh.de\/en\/impressum\/\">Read More<\/a><\/div>","protected":false},"author":1,"featured_media":0,"parent":0,"menu_order":0,"comment_status":"closed","ping_status":"closed","template":"elementor_header_footer","meta":{"footnotes":""},"class_list":["post-629","page","type-page","status-publish","hentry"],"_links":{"self":[{"href":"https:\/\/baeren-oh.de\/en\/wp-json\/wp\/v2\/pages\/629","targetHints":{"allow":["GET"]}}],"collection":[{"href":"https:\/\/baeren-oh.de\/en\/wp-json\/wp\/v2\/pages"}],"about":[{"href":"https:\/\/baeren-oh.de\/en\/wp-json\/wp\/v2\/types\/page"}],"author":[{"embeddable":true,"href":"https:\/\/baeren-oh.de\/en\/wp-json\/wp\/v2\/users\/1"}],"replies":[{"embeddable":true,"href":"https:\/\/baeren-oh.de\/en\/wp-json\/wp\/v2\/comments?post=629"}],"version-history":[{"count":6,"href":"https:\/\/baeren-oh.de\/en\/wp-json\/wp\/v2\/pages\/629\/revisions"}],"predecessor-version":[{"id":763,"href":"https:\/\/baeren-oh.de\/en\/wp-json\/wp\/v2\/pages\/629\/revisions\/763"}],"wp:attachment":[{"href":"https:\/\/baeren-oh.de\/en\/wp-json\/wp\/v2\/media?parent=629"}],"curies":[{"name":"wp","href":"https:\/\/api.w.org\/{rel}","templated":true}]}}